{"id":4134,"date":"2023-11-18T14:36:53","date_gmt":"2023-11-18T13:36:53","guid":{"rendered":"https:\/\/www.janssens-immobilier.com\/honoraires\/"},"modified":"2025-08-28T11:57:45","modified_gmt":"2025-08-28T09:57:45","slug":"honorare","status":"publish","type":"page","link":"https:\/\/www.janssens-immobilier.com\/de\/honorare\/","title":{"rendered":"Honorare"},"content":{"rendered":"","protected":false},"excerpt":{"rendered":"","protected":false},"author":4,"featured_media":0,"parent":0,"menu_order":0,"comment_status":"closed","ping_status":"closed","template":"templates\/editorial.php","meta":{"footnotes":""},"class_list":["post-4134","page","type-page","status-publish","hentry"],"acf":[],"yoast_head":"<!-- This site is optimized with the Yoast SEO plugin v27.5 - https:\/\/yoast.com\/product\/yoast-seo-wordpress\/ -->\n<title>Honorare - Janssens Immobilier<\/title>\n<meta name=\"description\" content=\"Hier finden Sie unsere Honorartabelle, die seit 2017 f\u00fcr unsere Agenturen gilt. Wir stehen Ihnen gerne f\u00fcr weitere Informationen zur Verf\u00fcgung.\" \/>\n<meta name=\"robots\" content=\"index, follow, max-snippet:-1, max-image-preview:large, max-video-preview:-1\" \/>\n<link rel=\"canonical\" href=\"https:\/\/www.janssens-immobilier.com\/de\/honorare\/\" \/>\n<meta property=\"og:locale\" content=\"de_DE\" \/>\n<meta property=\"og:type\" content=\"article\" \/>\n<meta property=\"og:title\" content=\"Honorare - Janssens Immobilier\" \/>\n<meta property=\"og:description\" content=\"Hier finden Sie unsere Honorartabelle, die seit 2017 f\u00fcr unsere Agenturen gilt. Wir stehen Ihnen gerne f\u00fcr weitere Informationen zur Verf\u00fcgung.\" \/>\n<meta property=\"og:url\" content=\"https:\/\/www.janssens-immobilier.com\/de\/honorare\/\" \/>\n<meta property=\"og:site_name\" content=\"Janssens Immobilier\" \/>\n<meta property=\"article:modified_time\" content=\"2025-08-28T09:57:45+00:00\" \/>\n<meta name=\"twitter:card\" content=\"summary_large_image\" \/>\n<meta name=\"twitter:label1\" content=\"Est. reading time\" \/>\n\t<meta name=\"twitter:data1\" content=\"2 minutes\" \/>\n<script type=\"application\/ld+json\" class=\"yoast-schema-graph\">{\"@context\":\"https:\\\/\\\/schema.org\",\"@graph\":[{\"@type\":\"WebPage\",\"@id\":\"https:\\\/\\\/www.janssens-immobilier.com\\\/de\\\/honorare\\\/\",\"url\":\"https:\\\/\\\/www.janssens-immobilier.com\\\/de\\\/honorare\\\/\",\"name\":\"Honorare - Janssens Immobilier\",\"isPartOf\":{\"@id\":\"https:\\\/\\\/www.janssens-immobilier.com\\\/de\\\/#website\"},\"datePublished\":\"2023-11-18T13:36:53+00:00\",\"dateModified\":\"2025-08-28T09:57:45+00:00\",\"description\":\"Hier finden Sie unsere Honorartabelle, die seit 2017 f\u00fcr unsere Agenturen gilt. Wir stehen Ihnen gerne f\u00fcr weitere Informationen zur Verf\u00fcgung.\",\"breadcrumb\":{\"@id\":\"https:\\\/\\\/www.janssens-immobilier.com\\\/de\\\/honorare\\\/#breadcrumb\"},\"inLanguage\":\"de-DE\",\"potentialAction\":[{\"@type\":\"ReadAction\",\"target\":[\"https:\\\/\\\/www.janssens-immobilier.com\\\/de\\\/honorare\\\/\"]}]},{\"@type\":\"BreadcrumbList\",\"@id\":\"https:\\\/\\\/www.janssens-immobilier.com\\\/de\\\/honorare\\\/#breadcrumb\",\"itemListElement\":[{\"@type\":\"ListItem\",\"position\":1,\"name\":\"Home page\",\"item\":\"https:\\\/\\\/www.janssens-immobilier.com\\\/de\\\/\"},{\"@type\":\"ListItem\",\"position\":2,\"name\":\"Honorare\"}]},{\"@type\":\"WebSite\",\"@id\":\"https:\\\/\\\/www.janssens-immobilier.com\\\/de\\\/#website\",\"url\":\"https:\\\/\\\/www.janssens-immobilier.com\\\/de\\\/\",\"name\":\"Janssens Immobilier\",\"description\":\"\",\"potentialAction\":[{\"@type\":\"SearchAction\",\"target\":{\"@type\":\"EntryPoint\",\"urlTemplate\":\"https:\\\/\\\/www.janssens-immobilier.com\\\/de\\\/?s={search_term_string}\"},\"query-input\":{\"@type\":\"PropertyValueSpecification\",\"valueRequired\":true,\"valueName\":\"search_term_string\"}}],\"inLanguage\":\"de-DE\"}]}<\/script>\n<!-- \/ Yoast SEO plugin. -->","yoast_head_json":{"title":"Honorare - Janssens Immobilier","description":"Hier finden Sie unsere Honorartabelle, die seit 2017 f\u00fcr unsere Agenturen gilt. Wir stehen Ihnen gerne f\u00fcr weitere Informationen zur Verf\u00fcgung.","robots":{"index":"index","follow":"follow","max-snippet":"max-snippet:-1","max-image-preview":"max-image-preview:large","max-video-preview":"max-video-preview:-1"},"canonical":"https:\/\/www.janssens-immobilier.com\/de\/honorare\/","og_locale":"de_DE","og_type":"article","og_title":"Honorare - Janssens Immobilier","og_description":"Hier finden Sie unsere Honorartabelle, die seit 2017 f\u00fcr unsere Agenturen gilt. Wir stehen Ihnen gerne f\u00fcr weitere Informationen zur Verf\u00fcgung.","og_url":"https:\/\/www.janssens-immobilier.com\/de\/honorare\/","og_site_name":"Janssens Immobilier","article_modified_time":"2025-08-28T09:57:45+00:00","twitter_card":"summary_large_image","twitter_misc":{"Est. reading time":"2 minutes"},"schema":{"@context":"https:\/\/schema.org","@graph":[{"@type":"WebPage","@id":"https:\/\/www.janssens-immobilier.com\/de\/honorare\/","url":"https:\/\/www.janssens-immobilier.com\/de\/honorare\/","name":"Honorare - Janssens Immobilier","isPartOf":{"@id":"https:\/\/www.janssens-immobilier.com\/de\/#website"},"datePublished":"2023-11-18T13:36:53+00:00","dateModified":"2025-08-28T09:57:45+00:00","description":"Hier finden Sie unsere Honorartabelle, die seit 2017 f\u00fcr unsere Agenturen gilt. Wir stehen Ihnen gerne f\u00fcr weitere Informationen zur Verf\u00fcgung.","breadcrumb":{"@id":"https:\/\/www.janssens-immobilier.com\/de\/honorare\/#breadcrumb"},"inLanguage":"de-DE","potentialAction":[{"@type":"ReadAction","target":["https:\/\/www.janssens-immobilier.com\/de\/honorare\/"]}]},{"@type":"BreadcrumbList","@id":"https:\/\/www.janssens-immobilier.com\/de\/honorare\/#breadcrumb","itemListElement":[{"@type":"ListItem","position":1,"name":"Home page","item":"https:\/\/www.janssens-immobilier.com\/de\/"},{"@type":"ListItem","position":2,"name":"Honorare"}]},{"@type":"WebSite","@id":"https:\/\/www.janssens-immobilier.com\/de\/#website","url":"https:\/\/www.janssens-immobilier.com\/de\/","name":"Janssens Immobilier","description":"","potentialAction":[{"@type":"SearchAction","target":{"@type":"EntryPoint","urlTemplate":"https:\/\/www.janssens-immobilier.com\/de\/?s={search_term_string}"},"query-input":{"@type":"PropertyValueSpecification","valueRequired":true,"valueName":"search_term_string"}}],"inLanguage":"de-DE"}]}},"_links":{"self":[{"href":"https:\/\/www.janssens-immobilier.com\/de\/wp-json\/wp\/v2\/pages\/4134","targetHints":{"allow":["GET"]}}],"collection":[{"href":"https:\/\/www.janssens-immobilier.com\/de\/wp-json\/wp\/v2\/pages"}],"about":[{"href":"https:\/\/www.janssens-immobilier.com\/de\/wp-json\/wp\/v2\/types\/page"}],"author":[{"embeddable":true,"href":"https:\/\/www.janssens-immobilier.com\/de\/wp-json\/wp\/v2\/users\/4"}],"replies":[{"embeddable":true,"href":"https:\/\/www.janssens-immobilier.com\/de\/wp-json\/wp\/v2\/comments?post=4134"}],"version-history":[{"count":5,"href":"https:\/\/www.janssens-immobilier.com\/de\/wp-json\/wp\/v2\/pages\/4134\/revisions"}],"predecessor-version":[{"id":37077,"href":"https:\/\/www.janssens-immobilier.com\/de\/wp-json\/wp\/v2\/pages\/4134\/revisions\/37077"}],"wp:attachment":[{"href":"https:\/\/www.janssens-immobilier.com\/de\/wp-json\/wp\/v2\/media?parent=4134"}],"curies":[{"name":"wp","href":"https:\/\/api.w.org\/{rel}","templated":true}]}}