{"id":4128,"date":"2023-11-28T12:03:01","date_gmt":"2023-11-28T11:03:01","guid":{"rendered":"https:\/\/www.janssens-immobilier.com\/louer-mon-bien-en-provence\/"},"modified":"2025-11-20T09:19:41","modified_gmt":"2025-11-20T08:19:41","slug":"mein-eigentum-in-der-provence-vermieten","status":"publish","type":"page","link":"https:\/\/www.janssens-immobilier.com\/de\/mein-eigentum-in-der-provence-vermieten\/","title":{"rendered":"Mein Eigentum vermieten"},"content":{"rendered":"","protected":false},"excerpt":{"rendered":"","protected":false},"author":4,"featured_media":0,"parent":0,"menu_order":0,"comment_status":"closed","ping_status":"closed","template":"templates\/estimation.php","meta":{"footnotes":""},"class_list":["post-4128","page","type-page","status-publish","hentry"],"acf":[],"yoast_head":"<!-- This site is optimized with the Yoast SEO plugin v27.5 - https:\/\/yoast.com\/product\/yoast-seo-wordpress\/ -->\n<title>Mein Eigentum vermieten - Janssens Immobilier louer sa maison<\/title>\n<meta name=\"description\" content=\"Mein Eigentum f\u00fcr Ferien in der Provence vermieten. Mietpreissch\u00e4tzungen und Reservierungsmanagement f\u00fcr unsere Eigent\u00fcmer.\" \/>\n<meta name=\"robots\" content=\"index, follow, max-snippet:-1, max-image-preview:large, max-video-preview:-1\" \/>\n<link rel=\"canonical\" href=\"https:\/\/www.janssens-immobilier.com\/de\/mein-eigentum-in-der-provence-vermieten\/\" \/>\n<meta property=\"og:locale\" content=\"de_DE\" \/>\n<meta property=\"og:type\" content=\"article\" \/>\n<meta property=\"og:title\" content=\"Mein Eigentum vermieten - Janssens Immobilier louer sa maison\" \/>\n<meta property=\"og:description\" content=\"Mein Eigentum f\u00fcr Ferien in der Provence vermieten. Mietpreissch\u00e4tzungen und Reservierungsmanagement f\u00fcr unsere Eigent\u00fcmer.\" \/>\n<meta property=\"og:url\" content=\"https:\/\/www.janssens-immobilier.com\/de\/mein-eigentum-in-der-provence-vermieten\/\" \/>\n<meta property=\"og:site_name\" content=\"Janssens Immobilier\" \/>\n<meta property=\"article:modified_time\" content=\"2025-11-20T08:19:41+00:00\" \/>\n<meta name=\"twitter:card\" content=\"summary_large_image\" \/>\n<meta name=\"twitter:label1\" content=\"Est. reading time\" \/>\n\t<meta name=\"twitter:data1\" content=\"3 minutes\" \/>\n<script type=\"application\/ld+json\" class=\"yoast-schema-graph\">{\"@context\":\"https:\\\/\\\/schema.org\",\"@graph\":[{\"@type\":\"WebPage\",\"@id\":\"https:\\\/\\\/www.janssens-immobilier.com\\\/de\\\/mein-eigentum-in-der-provence-vermieten\\\/\",\"url\":\"https:\\\/\\\/www.janssens-immobilier.com\\\/de\\\/mein-eigentum-in-der-provence-vermieten\\\/\",\"name\":\"Mein Eigentum vermieten - Janssens Immobilier louer sa maison\",\"isPartOf\":{\"@id\":\"https:\\\/\\\/www.janssens-immobilier.com\\\/de\\\/#website\"},\"datePublished\":\"2023-11-28T11:03:01+00:00\",\"dateModified\":\"2025-11-20T08:19:41+00:00\",\"description\":\"Mein Eigentum f\u00fcr Ferien in der Provence vermieten. Mietpreissch\u00e4tzungen und Reservierungsmanagement f\u00fcr unsere Eigent\u00fcmer.\",\"breadcrumb\":{\"@id\":\"https:\\\/\\\/www.janssens-immobilier.com\\\/de\\\/mein-eigentum-in-der-provence-vermieten\\\/#breadcrumb\"},\"inLanguage\":\"de-DE\",\"potentialAction\":[{\"@type\":\"ReadAction\",\"target\":[\"https:\\\/\\\/www.janssens-immobilier.com\\\/de\\\/mein-eigentum-in-der-provence-vermieten\\\/\"]}]},{\"@type\":\"BreadcrumbList\",\"@id\":\"https:\\\/\\\/www.janssens-immobilier.com\\\/de\\\/mein-eigentum-in-der-provence-vermieten\\\/#breadcrumb\",\"itemListElement\":[{\"@type\":\"ListItem\",\"position\":1,\"name\":\"Home page\",\"item\":\"https:\\\/\\\/www.janssens-immobilier.com\\\/de\\\/\"},{\"@type\":\"ListItem\",\"position\":2,\"name\":\"Mein Eigentum vermieten\"}]},{\"@type\":\"WebSite\",\"@id\":\"https:\\\/\\\/www.janssens-immobilier.com\\\/de\\\/#website\",\"url\":\"https:\\\/\\\/www.janssens-immobilier.com\\\/de\\\/\",\"name\":\"Janssens Immobilier\",\"description\":\"\",\"potentialAction\":[{\"@type\":\"SearchAction\",\"target\":{\"@type\":\"EntryPoint\",\"urlTemplate\":\"https:\\\/\\\/www.janssens-immobilier.com\\\/de\\\/?s={search_term_string}\"},\"query-input\":{\"@type\":\"PropertyValueSpecification\",\"valueRequired\":true,\"valueName\":\"search_term_string\"}}],\"inLanguage\":\"de-DE\"}]}<\/script>\n<!-- \/ Yoast SEO plugin. -->","yoast_head_json":{"title":"Mein Eigentum vermieten - Janssens Immobilier louer sa maison","description":"Mein Eigentum f\u00fcr Ferien in der Provence vermieten. Mietpreissch\u00e4tzungen und Reservierungsmanagement f\u00fcr unsere Eigent\u00fcmer.","robots":{"index":"index","follow":"follow","max-snippet":"max-snippet:-1","max-image-preview":"max-image-preview:large","max-video-preview":"max-video-preview:-1"},"canonical":"https:\/\/www.janssens-immobilier.com\/de\/mein-eigentum-in-der-provence-vermieten\/","og_locale":"de_DE","og_type":"article","og_title":"Mein Eigentum vermieten - Janssens Immobilier louer sa maison","og_description":"Mein Eigentum f\u00fcr Ferien in der Provence vermieten. Mietpreissch\u00e4tzungen und Reservierungsmanagement f\u00fcr unsere Eigent\u00fcmer.","og_url":"https:\/\/www.janssens-immobilier.com\/de\/mein-eigentum-in-der-provence-vermieten\/","og_site_name":"Janssens Immobilier","article_modified_time":"2025-11-20T08:19:41+00:00","twitter_card":"summary_large_image","twitter_misc":{"Est. reading time":"3 minutes"},"schema":{"@context":"https:\/\/schema.org","@graph":[{"@type":"WebPage","@id":"https:\/\/www.janssens-immobilier.com\/de\/mein-eigentum-in-der-provence-vermieten\/","url":"https:\/\/www.janssens-immobilier.com\/de\/mein-eigentum-in-der-provence-vermieten\/","name":"Mein Eigentum vermieten - Janssens Immobilier louer sa maison","isPartOf":{"@id":"https:\/\/www.janssens-immobilier.com\/de\/#website"},"datePublished":"2023-11-28T11:03:01+00:00","dateModified":"2025-11-20T08:19:41+00:00","description":"Mein Eigentum f\u00fcr Ferien in der Provence vermieten. Mietpreissch\u00e4tzungen und Reservierungsmanagement f\u00fcr unsere Eigent\u00fcmer.","breadcrumb":{"@id":"https:\/\/www.janssens-immobilier.com\/de\/mein-eigentum-in-der-provence-vermieten\/#breadcrumb"},"inLanguage":"de-DE","potentialAction":[{"@type":"ReadAction","target":["https:\/\/www.janssens-immobilier.com\/de\/mein-eigentum-in-der-provence-vermieten\/"]}]},{"@type":"BreadcrumbList","@id":"https:\/\/www.janssens-immobilier.com\/de\/mein-eigentum-in-der-provence-vermieten\/#breadcrumb","itemListElement":[{"@type":"ListItem","position":1,"name":"Home page","item":"https:\/\/www.janssens-immobilier.com\/de\/"},{"@type":"ListItem","position":2,"name":"Mein Eigentum vermieten"}]},{"@type":"WebSite","@id":"https:\/\/www.janssens-immobilier.com\/de\/#website","url":"https:\/\/www.janssens-immobilier.com\/de\/","name":"Janssens Immobilier","description":"","potentialAction":[{"@type":"SearchAction","target":{"@type":"EntryPoint","urlTemplate":"https:\/\/www.janssens-immobilier.com\/de\/?s={search_term_string}"},"query-input":{"@type":"PropertyValueSpecification","valueRequired":true,"valueName":"search_term_string"}}],"inLanguage":"de-DE"}]}},"_links":{"self":[{"href":"https:\/\/www.janssens-immobilier.com\/de\/wp-json\/wp\/v2\/pages\/4128","targetHints":{"allow":["GET"]}}],"collection":[{"href":"https:\/\/www.janssens-immobilier.com\/de\/wp-json\/wp\/v2\/pages"}],"about":[{"href":"https:\/\/www.janssens-immobilier.com\/de\/wp-json\/wp\/v2\/types\/page"}],"author":[{"embeddable":true,"href":"https:\/\/www.janssens-immobilier.com\/de\/wp-json\/wp\/v2\/users\/4"}],"replies":[{"embeddable":true,"href":"https:\/\/www.janssens-immobilier.com\/de\/wp-json\/wp\/v2\/comments?post=4128"}],"version-history":[{"count":10,"href":"https:\/\/www.janssens-immobilier.com\/de\/wp-json\/wp\/v2\/pages\/4128\/revisions"}],"predecessor-version":[{"id":38387,"href":"https:\/\/www.janssens-immobilier.com\/de\/wp-json\/wp\/v2\/pages\/4128\/revisions\/38387"}],"wp:attachment":[{"href":"https:\/\/www.janssens-immobilier.com\/de\/wp-json\/wp\/v2\/media?parent=4128"}],"curies":[{"name":"wp","href":"https:\/\/api.w.org\/{rel}","templated":true}]}}